{"id":20952,"date":"2025-07-07T15:49:03","date_gmt":"2025-07-07T12:49:03","guid":{"rendered":"https:\/\/logisticsacademy.edu.gr\/?page_id=20952"},"modified":"2025-07-08T13:59:04","modified_gmt":"2025-07-08T10:59:04","slug":"privacy-policy","status":"publish","type":"page","link":"https:\/\/logisticsacademy.edu.gr\/de\/privacy-policy\/","title":{"rendered":"Datenschutzbestimmungen"},"content":{"rendered":"<div data-elementor-type=\"wp-page\" data-elementor-id=\"20952\" class=\"elementor elementor-20952\" data-elementor-post-type=\"page\">\n\t\t\t\t<div class=\"elementor-element elementor-element-3acedb2a e-con-full e-flex e-con e-parent\" data-id=\"3acedb2a\" data-element_type=\"container\" data-e-type=\"container\" data-settings=\"{&quot;background_background&quot;:&quot;classic&quot;,&quot;background_motion_fx_motion_fx_scrolling&quot;:&quot;yes&quot;,&quot;background_motion_fx_translateX_effect&quot;:&quot;yes&quot;,&quot;background_motion_fx_translateX_speed&quot;:{&quot;unit&quot;:&quot;px&quot;,&quot;size&quot;:1.5,&quot;sizes&quot;:[]},&quot;background_motion_fx_opacity_effect&quot;:&quot;yes&quot;,&quot;background_motion_fx_opacity_direction&quot;:&quot;in-out-in&quot;,&quot;background_motion_fx_opacity_range&quot;:{&quot;unit&quot;:&quot;%&quot;,&quot;size&quot;:&quot;&quot;,&quot;sizes&quot;:{&quot;start&quot;:35,&quot;end&quot;:65}},&quot;background_motion_fx_range&quot;:&quot;page&quot;,&quot;shape_divider_bottom&quot;:&quot;tilt&quot;,&quot;background_motion_fx_translateX_affectedRange&quot;:{&quot;unit&quot;:&quot;%&quot;,&quot;size&quot;:&quot;&quot;,&quot;sizes&quot;:{&quot;start&quot;:0,&quot;end&quot;:100}},&quot;background_motion_fx_opacity_level&quot;:{&quot;unit&quot;:&quot;px&quot;,&quot;size&quot;:10,&quot;sizes&quot;:[]},&quot;background_motion_fx_devices&quot;:[&quot;desktop&quot;,&quot;tablet&quot;,&quot;mobile&quot;]}\">\n\t\t\t\t<div class=\"elementor-shape elementor-shape-bottom\" aria-hidden=\"true\" data-negative=\"false\">\n\t\t\t<svg xmlns=\"http:\/\/www.w3.org\/2000\/svg\" viewbox=\"0 0 1000 100\" preserveaspectratio=\"none\">\n\t<path class=\"elementor-shape-fill\" d=\"M0,6V0h1000v100L0,6z\"\/>\n<\/svg>\t\t<\/div>\n\t\t\t\t<div class=\"elementor-element elementor-element-4fb17554 elementor-widget elementor-widget-menu-anchor\" data-id=\"4fb17554\" data-element_type=\"widget\" data-e-type=\"widget\" data-widget_type=\"menu-anchor.default\">\n\t\t\t\t<div class=\"elementor-widget-container\">\n\t\t\t\t\t\t\t<div class=\"elementor-menu-anchor\" id=\"top-of-the-page\"><\/div>\n\t\t\t\t\t\t<\/div>\n\t\t\t\t<\/div>\n\t\t\t\t<\/div>\n\t\t<div class=\"elementor-element elementor-element-69f2cf50 e-flex e-con-boxed elementor-invisible e-con e-parent\" data-id=\"69f2cf50\" data-element_type=\"container\" data-e-type=\"container\" data-settings=\"{&quot;animation&quot;:&quot;slideInUp&quot;,&quot;animation_delay&quot;:500}\">\n\t\t\t\t\t<div class=\"e-con-inner\">\n\t\t\t\t<div class=\"elementor-element elementor-element-14b84c29 elementor-widget-divider--view-line elementor-widget elementor-widget-divider\" data-id=\"14b84c29\" data-element_type=\"widget\" data-e-type=\"widget\" data-widget_type=\"divider.default\">\n\t\t\t\t<div class=\"elementor-widget-container\">\n\t\t\t\t\t\t\t<div class=\"elementor-divider\">\n\t\t\t<span class=\"elementor-divider-separator\">\n\t\t\t\t\t\t<\/span>\n\t\t<\/div>\n\t\t\t\t\t\t<\/div>\n\t\t\t\t<\/div>\n\t\t\t\t<div class=\"elementor-element elementor-element-2a9db312 elementor-widget elementor-widget-heading\" data-id=\"2a9db312\" data-element_type=\"widget\" data-e-type=\"widget\" data-widget_type=\"heading.default\">\n\t\t\t\t<div class=\"elementor-widget-container\">\n\t\t\t\t\t<h2 class=\"elementor-heading-title elementor-size-default\">Datenschutzbestimmungen<\/h2>\t\t\t\t<\/div>\n\t\t\t\t<\/div>\n\t\t\t\t\t<\/div>\n\t\t\t\t<\/div>\n\t\t<div class=\"elementor-element elementor-element-5178bcb4 e-con-full e-flex e-con e-parent\" data-id=\"5178bcb4\" data-element_type=\"container\" data-e-type=\"container\" data-settings=\"{&quot;background_background&quot;:&quot;classic&quot;}\">\n\t\t<div class=\"elementor-element elementor-element-768d130d e-flex e-con-boxed e-con e-child\" data-id=\"768d130d\" data-element_type=\"container\" data-e-type=\"container\">\n\t\t\t\t\t<div class=\"e-con-inner\">\n\t\t\t\t<div class=\"elementor-element elementor-element-4e3442cc elementor-widget elementor-widget-heading\" data-id=\"4e3442cc\" data-element_type=\"widget\" data-e-type=\"widget\" data-widget_type=\"heading.default\">\n\t\t\t\t<div class=\"elementor-widget-container\">\n\t\t\t\t\t<h2 class=\"elementor-heading-title elementor-size-default\">Logistik-Akademie | Zentrum f\u00fcr lebenslanges Lernen<\/h2>\t\t\t\t<\/div>\n\t\t\t\t<\/div>\n\t\t\t\t<div class=\"elementor-element elementor-element-26934661 elementor-widget-divider--view-line elementor-widget elementor-widget-divider\" data-id=\"26934661\" data-element_type=\"widget\" data-e-type=\"widget\" data-widget_type=\"divider.default\">\n\t\t\t\t<div class=\"elementor-widget-container\">\n\t\t\t\t\t\t\t<div class=\"elementor-divider\">\n\t\t\t<span class=\"elementor-divider-separator\">\n\t\t\t\t\t\t<\/span>\n\t\t<\/div>\n\t\t\t\t\t\t<\/div>\n\t\t\t\t<\/div>\n\t\t\t\t<div class=\"elementor-element elementor-element-4f42c710 elementor-widget elementor-widget-text-editor\" data-id=\"4f42c710\" data-element_type=\"widget\" data-e-type=\"widget\" data-widget_type=\"text-editor.default\">\n\t\t\t\t<div class=\"elementor-widget-container\">\n\t\t\t\t\t\t\t\t\t<p>Die Aktiengesellschaft mit dem Namen <strong>\"KM SOLUTIONS AE\"<\/strong> und der unverwechselbare Titel <strong>\"KM SOLUTIONS\"<\/strong> deren Hauptt\u00e4tigkeit in der Erbringung von Unternehmensberatung und sonstiger Managementberatung besteht, mit Sitz in Aspropyrgos, Attika, Alekos Panagoulis Stra\u00dfe 12, mit der GEMI-Nummer: 176086009000, mit der Mehrwertsteuernummer: 802423123 \/ D.O.Y. F.A.E. ATHEN, die eine Zweigstelle unter dem Namen <strong>\"KM SOLUTIONS AE Zentrum f\u00fcr lebenslanges Lernen\"<\/strong> und der unverwechselbare Titel <strong>\"Logistik Akademie KDBM\"<\/strong>, nachstehend als <strong>\"Gesellschaft\".<\/strong>legt gro\u00dfen Wert auf die rechtm\u00e4\u00dfige Verarbeitung, die Sicherheit und den Schutz der personenbezogenen Daten seiner Praktikanten.<\/p><p>Zu diesem Zweck informiert sie ihre Praktikanten in ihrer Eigenschaft als f\u00fcr die Datenverarbeitung Verantwortliche dar\u00fcber, dass die Verarbeitung ihrer personenbezogenen Daten gem\u00e4\u00df den folgenden Bestimmungen erfolgt:<\/p><ol><li><strong> Welche personenbezogenen Daten erheben wir und woher stammen sie?<\/strong><\/li><\/ol><ol><li style=\"list-style-type: none;\"><ul><li><strong>(i) Daten zur Identifizierung<\/strong>Name, Vorname, Vatersname, Umsatzsteuer-Identifikationsnummer, MwSt.-Nummer, Geburtsdatum, usw.<\/li><li><strong>(ii) Kommunikationsdaten<\/strong>Postanschrift, E-Mail-Adresse, Festnetz- und Mobiltelefonnummern usw.<\/li><li><strong>(iii) Daten zur beruflichen Bef\u00e4higung<\/strong>Lebenslauf, akademische Qualifikationen, Berufszulassung, Fremdsprachenkenntnisse, beruflicher Werdegang.<\/li><li><strong>Datenidentifikatoren der elektronischen Identit\u00e4t<\/strong> (z. B. Webprotokoll-Adresse), wenn Sie unsere Website besuchen. Das Unternehmen hat eine Datenschutzrichtlinie f\u00fcr die Nutzung seiner Website und eine Cookie-Richtlinie entwickelt, die auf seiner Website verf\u00fcgbar sind.<\/li><\/ul><\/li><\/ol><p>Die unter (i), (ii), (iii) genannten Daten werden direkt von Ihnen erhoben, wenn Sie mit uns Kontakt aufnehmen, wie z. B:<\/p><ul><li>Wenn Sie unsere Telefonnummern anrufen, uns eine E-Mail schicken oder eine Bewerbung ausf\u00fcllen.<\/li><li>Wenn Sie sich an unsere B\u00fcros wenden, um sich anzumelden oder um Ihre Meinung, Beschwerden oder Kommentare zu \u00e4u\u00dfern.<\/li><li>Wenn Sie sich freiwillig in gedruckte oder elektronische Verzeichnisse eintragen, um gedruckte, elektronische oder SMS-Newsletter oder anderes Marketingmaterial zu erhalten oder um Ihre Pr\u00e4ferenzen zu erneuern, oder wenn Sie an Wettbewerben, Frageb\u00f6gen und Umfragen teilnehmen.<\/li><li>Wenn Sie uns \u00fcber soziale Medien kontaktieren.<\/li><\/ul><ol start=\"2\"><li><strong> Warum sammeln wir Ihre personenbezogenen Daten?<\/strong><\/li><\/ol><ul><li>Wir sammeln Ihre pers\u00f6nlichen Daten mit dem <strong>Zustimmung<\/strong> (Artikel 6 Absatz 1a der Datenschutz-Grundverordnung)<strong>.<\/strong><\/li><li>F\u00fcr unsere \u00dcbereinstimmung mit <strong>rechtliche Verpflichtungen<\/strong> (Artikel 6(1c) GDPR), wie z.B. die Bereitstellung von Bildungsdienstleistungen. Zu diesem Zweck verarbeiten wir die Daten unter (i) , (ii) und (iii).<\/li><li>F\u00fcr die <strong>Erf\u00fcllung der berechtigten Interessen<\/strong> des Unternehmens (Artikel 6 Absatz 1f der DSGVO), wie zum Beispiel:<\/li><li>Die Sicherheit von Personen und Eigentum. Zu diesem Zweck verarbeiten wir die Daten unter (iv).<\/li><li>Die Sicherheit unserer Website. Zu diesem Zweck verarbeiten wir die unter (iii) genannten Daten, die automatisch von der Website erfasst werden, ohne dass Ihre vorherige Zustimmung erforderlich ist (siehe Datenschutzrichtlinie f\u00fcr die Website und Cookie-Richtlinie).<\/li><li>Die Vermarktung von Dienstleistungen. Zu diesem Zweck verarbeiten wir die Daten unter (i), (ii) und (iii). In diesem Fall werden die Daten unter (iii) nur mit vorheriger Zustimmung erhoben (siehe Datenschutzerkl\u00e4rung f\u00fcr die Website und Cookie-Richtlinie).<\/li><\/ul><p>Kommerzielle Kommunikations- und Marketingpraktiken sind nur mit Ihrer Zustimmung erlaubt oder wenn sie auf einer fr\u00fcheren Gesch\u00e4ftsbeziehung mit uns beruhen, um Sie \u00fcber Schulungsprogramme, die f\u00fcr Sie von Interesse sein k\u00f6nnten, oder neue Programme zu informieren.<\/p><p>Wenn Sie m\u00f6chten, dass wir Ihnen keine Aktualisierungen oder Angebote mehr zusenden, k\u00f6nnen Sie den Link zum Abbestellen am Ende jeder E-Mail, die Sie von uns erhalten haben, verwenden.<\/p><p>Wir informieren Sie dar\u00fcber, dass wir Ihre pers\u00f6nlichen Daten nicht an Dritte weitergeben, damit diese Ihnen entsprechende Werbung zusenden k\u00f6nnen, es sei denn, Sie haben dem ausdr\u00fccklich schriftlich zugestimmt.<\/p><ol start=\"3\"><li><strong> Wer hat Zugang zu Ihren pers\u00f6nlichen Daten?<\/strong><\/li><\/ol><p>Das Unternehmen darf die personenbezogenen Daten der Auszubildenden nicht an Dritte weitergeben, es sei denn, es handelt sich um eine Vermittlungsstelle und dies ist f\u00fcr den Betrieb des KDBM erforderlich. Daher k\u00f6nnen diese von Ihren personenbezogenen Daten Kenntnis erhalten:<\/p><ul><li>Die Mitarbeiter des Unternehmens, die f\u00fcr die Verwaltung und Durchf\u00fchrung des Vertrags mit dem Unternehmen, f\u00fcr die Erf\u00fcllung der sich daraus ergebenden Verpflichtungen sowie f\u00fcr die entsprechenden gesetzlich vorgesehenen Verpflichtungen verantwortlich sind<\/li><li>Externe Partner<\/li><li>Transportunternehmen, Kurierdienste<\/li><li>Anbieter von Internet-Hosting-Diensten und Anbieter von Cloud-Computing-Diensten.<\/li><\/ul><p>Der Empf\u00e4nger der personenbezogenen Daten kann das Unternehmen sein <strong>Enartia A.E.<\/strong> mit Sitz in Griechenland, mit der wir f\u00fcr das Hosting und die technische Unterst\u00fctzung unserer Website zusammenarbeiten <a href=\"https:\/\/logisticsacademy.edu.gr\/de\/\">https:\/\/logisticsacademy.edu.gr\/<\/a> in F\u00e4llen weiterer technischer Unterst\u00fctzung (z.B. zur L\u00f6sung technischer Probleme). Bei der Nutzung der Dienste unserer Website werden die Daten auf Servern in Griechenland gespeichert und nicht ins Ausland \u00fcbertragen.<\/p><ul><li>Finanzinstitute, \u00fcber die Zahlungen geleistet werden<\/li><li>Dritte, wie Rechtsanw\u00e4lte, Notare, Gerichtsvollzieher, im Falle einer abnormalen Entwicklung der Beziehung zwischen uns<\/li><li>Aufsichts-, Justiz- und Beh\u00f6rdenbeh\u00f6rden bei der Wahrnehmung ihrer Aufgaben<\/li><\/ul><p>Das Unternehmen w\u00e4hlt vertrauensw\u00fcrdige Partner aus und erlegt Dritten, die personenbezogene Daten erhalten, vertragliche Beschr\u00e4nkungen auf, um deren rechtm\u00e4\u00dfige Verwendung zu gew\u00e4hrleisten.<\/p><p>Wenn eine \u00dcbermittlung in andere L\u00e4nder, einschlie\u00dflich L\u00e4ndern, die gr\u00f6\u00dftenteils innerhalb und gr\u00f6\u00dftenteils au\u00dferhalb des Europ\u00e4ischen Wirtschaftsraums (EWR) liegen, erforderlich ist, erfolgt die \u00dcbermittlung auf der Grundlage von EU-Angemessenheitsbeschl\u00fcssen, verbindlichen Unternehmensvorschriften, standardisierten Vertr\u00e4gen und genehmigten Verhaltenskodizes.<\/p><ol start=\"4\"><li><strong> Wie lange bewahren wir Ihre personenbezogenen Daten auf?<\/strong><\/li><\/ol><ul><li><strong>Daten der Auszubildenden<\/strong><\/li><\/ul><p>Nimmt der Praktikant an einem Ausbildungsprogramm teil, werden die personenbezogenen Daten f\u00fcr einen Zeitraum von drei (3) Jahren ab dem Ende des Ausbildungsprogramms aufbewahrt. Wenn bis zum Ablauf der drei (3) Jahre Rechtsstreitigkeiten mit dem Unternehmen anh\u00e4ngig sind, wird diese Aufbewahrungsfrist f\u00fcr personenbezogene Daten bis zum Erlass einer unwiderruflichen Gerichtsentscheidung verl\u00e4ngert.<\/p><p>Wenn eine k\u00fcrzere oder l\u00e4ngere Aufbewahrungsfrist f\u00fcr Ihre personenbezogenen Daten gesetzlich oder durch Rechtsakte vorgesehen ist, wird die oben genannte Aufbewahrungsfrist entsprechend verk\u00fcrzt oder verl\u00e4ngert.<\/p><ul><li><strong>Handlungen im Bereich der kommerziellen Kommunikation<\/strong><\/li><\/ul><p>Daten, die f\u00fcr Mitteilungen zu Marketingzwecken verwendet werden, werden f\u00fcr den Zeitraum aufbewahrt, bis die Zustimmung zur\u00fcckgezogen oder das Widerspruchsrecht ausge\u00fcbt wird.<\/p><ol start=\"5\"><li><strong> Welche Rechte haben Sie?<\/strong><\/li><\/ol><ul><li>das Recht, Zugang zu den Sie betreffenden personenbezogenen Daten, die verarbeitet werden, oder Kopien davon zu verlangen<\/li><li>das Recht, die Berichtigung von Sie betreffenden unrichtigen Daten zu verlangen<\/li><li>das Recht, die L\u00f6schung der Sie betreffenden personenbezogenen Daten oder die Einschr\u00e4nkung der Zwecke, f\u00fcr die sie verarbeitet werden, zu verlangen;<\/li><li>das Recht, aus legitimen Gr\u00fcnden gegen die Verarbeitung der Sie betreffenden personenbezogenen Daten Widerspruch einzulegen,<\/li><li>das Recht, die \u00dcbertragbarkeit der Sie betreffenden personenbezogenen Daten zu verlangen,<\/li><li>das Recht, Ihre Zustimmung zu widerrufen<\/li><li>das Recht, eine Beschwerde beim CPVO einzureichen<\/li><\/ul><p><em>Ausf\u00fchrlichere Informationen \u00fcber Ihre Rechte finden Sie unter. Weitere Informationen \u00fcber Ihre Rechte finden Sie in unserer Datenschutzrichtlinie, die auf der Website des Unternehmens ver\u00f6ffentlicht ist.<\/em><\/p><ol start=\"6\"><li><strong> Wie k\u00f6nnen Sie Ihre Rechte wahrnehmen?<\/strong><\/li><\/ol><p>Sie k\u00f6nnen Ihre Anfragen \u00fcber Ihre Rechte stellen:<\/p><ul><li>am Sitz der Gesellschaft durch Ausf\u00fcllen des besonderen Formulars zur Aus\u00fcbung der Rechte<\/li><li>am: <a href=\"mailto:info@logisticsacademy.edu.gr\">info@logisticsacademy.edu.gr<\/a><\/li><li>an die Postanschrift: KM SOLUTIONS S.A. Lifelong Learning Centre, 6 Karaiskaki G. 6, Aspropyrgos, West-Attika, Postfach 19300.<\/li><\/ul><p>Sobald das Unternehmen den Antrag erh\u00e4lt, wird es Ihnen ein vorgedrucktes Formular mit den Informationen zusenden, die wir ben\u00f6tigen, um dem Antrag nachzukommen. Das Unternehmen wird Ihren Antrag innerhalb von drei\u00dfig (30) Tagen nach Erhalt bearbeiten. Die Frist kann bei Benachrichtigung aufgrund der Komplexit\u00e4t der Anfrage oder der Anzahl der Anfragen um einen Zeitraum von zwei Monaten verl\u00e4ngert werden.<\/p><p>Informationen und Ma\u00dfnahmen zur Wahrnehmung Ihrer Rechte werden kostenlos zur Verf\u00fcgung gestellt.<\/p><p>Wenn das Unternehmen Zweifel an Ihrer Identit\u00e4t hat, kann es zus\u00e4tzliche Informationen anfordern, um diese zu best\u00e4tigen.<\/p><ol start=\"7\"><li><strong> Schutz von personenbezogenen Daten <\/strong><\/li><\/ol><p>Das Unternehmen ergreift geeignete technische und organisatorische Ma\u00dfnahmen, um die Vertraulichkeit, Integrit\u00e4t und Verf\u00fcgbarkeit Ihrer Daten zu gew\u00e4hrleisten. Zu diesem Zweck hat das Unternehmen ein Sicherheitskonzept entwickelt und setzt geeignete technische Hilfsmittel ein, wie z. B. Datenverschl\u00fcsselung, Einsatz von Firewalls, Festlegung von Zugriffsebenen, Mitarbeiterschulung und regelm\u00e4\u00dfige Audits.<strong>. <\/strong><\/p><ol start=\"8\"><li><strong> Einreichung einer Beschwerde<\/strong><\/li><\/ol><p>Wenn Sie der Meinung sind, dass Ihre pers\u00f6nlichen Daten in Gefahr sind, k\u00f6nnen Sie bei der Datenschutzbeh\u00f6rde eine Beschwerde einreichen: Website: <a href=\"http:\/\/www.dpa.gr\">www.dpa.gr<\/a>Postanschrift: 1-3 Kifissias Avenue, P.O. Box 11523, Athen. Telefon: +30 2106475600, Fax: +30 210 6475628 E-Mail:\u00a0<a href=\"mailto:contact@dpa.gr\">contact@dpa.gr<\/a>.<\/p><ol start=\"9\"><li><strong> Kontakt f\u00fcr Fragen oder Kommentare<\/strong><\/li><\/ol><p>Wenn Sie Fragen oder Anmerkungen zu diesem Formular haben oder wenn Sie der Meinung sind, dass wir die darin dargelegten Grunds\u00e4tze nicht beachtet haben, wenden Sie sich bitte an uns <a href=\"mailto:info@logisticsacademy.edu.gr\">info@logisticsacademy.edu.gr<\/a> oder per Post an KM SOLUTIONS S.A. Lifelong Learning Centre, 6 Karaiskaki G., Aspropyrgos, West-Attika, Postfach 19300 oder telefonisch unter 210-5576457.<\/p><p>Diese Aktualisierung wird regelm\u00e4\u00dfig \u00fcberarbeitet, um den Anweisungen der Aufsichtsbeh\u00f6rden und den neuesten Entwicklungen in der Gesetzgebung und den Rechtsvorschriften Rechnung zu tragen.<\/p><p style=\"text-align: left;\"><strong>Letzte \u00dcberpr\u00fcfung: Juni 2025<\/strong><\/p>\t\t\t\t\t\t\t\t<\/div>\n\t\t\t\t<\/div>\n\t\t\t\t\t<\/div>\n\t\t\t\t<\/div>\n\t\t\t\t<\/div>\n\t\t\t\t<\/div>","protected":false},"excerpt":{"rendered":"<p>\u03a0\u03bf\u03bb\u03b9\u03c4\u03b9\u03ba\u03ae \u0391\u03c0\u03bf\u03c1\u03c1\u03ae\u03c4\u03bf\u03c5 Logistics Academy | \u039a\u0395\u039d\u03a4\u03a1\u039f \u0394\u0399\u0391 \u0392\u0399\u039f\u03a5 \u039c\u0391\u0398\u0397\u03a3\u0397\u03a3 \u0397 \u03b1\u03bd\u03ce\u03bd\u03c5\u03bc\u03b7 \u03b5\u03c4\u03b1\u03b9\u03c1\u03b5\u03af\u03b1 \u03bc\u03b5 \u03c4\u03b7\u03bd \u03b5\u03c0\u03c9\u03bd\u03c5\u03bc\u03af\u03b1 \u00ab\u039a\u039c SOLUTIONS AE\u00bb \u03ba\u03b1\u03b9 \u03c4\u03bf\u03bd [&hellip;]<\/p>","protected":false},"author":2,"featured_media":0,"parent":0,"menu_order":0,"comment_status":"closed","ping_status":"closed","template":"","meta":{"_acf_changed":false,"site-sidebar-layout":"no-sidebar","site-content-layout":"","ast-site-content-layout":"full-width-container","site-content-style":"default","site-sidebar-style":"default","ast-global-header-display":"","ast-banner-title-visibility":"","ast-main-header-display":"","ast-hfb-above-header-display":"","ast-hfb-below-header-display":"","ast-hfb-mobile-header-display":"","site-post-title":"disabled","ast-breadcrumbs-content":"","ast-featured-img":"disabled","footer-sml-layout":"","theme-transparent-header-meta":"","adv-header-id-meta":"","stick-header-meta":"","header-above-stick-meta":"","header-main-stick-meta":"","header-below-stick-meta":"","astra-migrate-meta-layouts":"default","ast-page-background-enabled":"default","ast-page-background-meta":{"desktop":{"background-color":"var(--ast-global-color-5)","background-image":"","background-repeat":"repeat","background-position":"center center","background-size":"auto","background-attachment":"scroll","background-type":"","background-media":"","overlay-type":"","overlay-color":"","overlay-opacity":"","overlay-gradient":""},"tablet":{"background-color":"","background-image":"","background-repeat":"repeat","background-position":"center center","background-size":"auto","background-attachment":"scroll","background-type":"","background-media":"","overlay-type":"","overlay-color":"","overlay-opacity":"","overlay-gradient":""},"mobile":{"background-color":"","background-image":"","background-repeat":"repeat","background-position":"center center","background-size":"auto","background-attachment":"scroll","background-type":"","background-media":"","overlay-type":"","overlay-color":"","overlay-opacity":"","overlay-gradient":""}},"ast-content-background-meta":{"desktop":{"background-color":"var(--ast-global-color-4)","background-image":"","background-repeat":"repeat","background-position":"center center","background-size":"auto","background-attachment":"scroll","background-type":"","background-media":"","overlay-type":"","overlay-color":"","overlay-opacity":"","overlay-gradient":""},"tablet":{"background-color":"var(--ast-global-color-4)","background-image":"","background-repeat":"repeat","background-position":"center center","background-size":"auto","background-attachment":"scroll","background-type":"","background-media":"","overlay-type":"","overlay-color":"","overlay-opacity":"","overlay-gradient":""},"mobile":{"background-color":"var(--ast-global-color-4)","background-image":"","background-repeat":"repeat","background-position":"center center","background-size":"auto","background-attachment":"scroll","background-type":"","background-media":"","overlay-type":"","overlay-color":"","overlay-opacity":"","overlay-gradient":""}},"footnotes":""},"class_list":["post-20952","page","type-page","status-publish","hentry"],"acf":[],"_links":{"self":[{"href":"https:\/\/logisticsacademy.edu.gr\/de\/wp-json\/wp\/v2\/pages\/20952","targetHints":{"allow":["GET"]}}],"collection":[{"href":"https:\/\/logisticsacademy.edu.gr\/de\/wp-json\/wp\/v2\/pages"}],"about":[{"href":"https:\/\/logisticsacademy.edu.gr\/de\/wp-json\/wp\/v2\/types\/page"}],"author":[{"embeddable":true,"href":"https:\/\/logisticsacademy.edu.gr\/de\/wp-json\/wp\/v2\/users\/2"}],"replies":[{"embeddable":true,"href":"https:\/\/logisticsacademy.edu.gr\/de\/wp-json\/wp\/v2\/comments?post=20952"}],"version-history":[{"count":0,"href":"https:\/\/logisticsacademy.edu.gr\/de\/wp-json\/wp\/v2\/pages\/20952\/revisions"}],"wp:attachment":[{"href":"https:\/\/logisticsacademy.edu.gr\/de\/wp-json\/wp\/v2\/media?parent=20952"}],"curies":[{"name":"wp","href":"https:\/\/api.w.org\/{rel}","templated":true}]}}